{"id":5575,"date":"2020-10-08T10:10:12","date_gmt":"2020-10-08T10:10:12","guid":{"rendered":"https:\/\/pofo.themezaa.com\/?page_id=5575"},"modified":"2024-08-06T00:55:32","modified_gmt":"2024-08-06T01:55:32","slug":"contacts","status":"publish","type":"page","link":"https:\/\/paulojorgebarbershop.com\/en\/contacts\/","title":{"rendered":"CONTACTS"},"content":{"rendered":"<div data-elementor-type=\"wp-page\" data-elementor-id=\"5575\" class=\"elementor elementor-5575\">\n\t\t\t\t\t\t<div class=\"elementor-inner\">\n\t\t\t\t<div class=\"elementor-section-wrap\">\n\t\t\t\t\t\t\t\t\t<section class=\"elementor-section elementor-top-section elementor-element elementor-element-5517f458 elementor-section-height-min-height elementor-section-full_width elementor-section-stretched elementor-section-height-default elementor-section-items-middle\" data-id=\"5517f458\" data-element_type=\"section\" data-settings=\"{&quot;background_background&quot;:&quot;classic&quot;,&quot;background_image&quot;:{&quot;url&quot;:&quot;https:\\\/\\\/paulojorgebarbershop.com\\\/wp-content\\\/uploads\\\/2022\\\/05\\\/AJ0A5729.jpg&quot;,&quot;id&quot;:26202,&quot;alt&quot;:&quot;&quot;,&quot;source&quot;:&quot;library&quot;},&quot;stretch_section&quot;:&quot;section-stretched&quot;,&quot;background_image_tablet&quot;:{&quot;url&quot;:&quot;&quot;,&quot;id&quot;:&quot;&quot;},&quot;background_image_mobile&quot;:{&quot;url&quot;:&quot;&quot;,&quot;id&quot;:&quot;&quot;},&quot;_ha_eqh_enable&quot;:false}\">\n\t\t\t\t\t\t\t<div class=\"elementor-background-overlay\"><\/div>\n\t\t\t\t\t\t\t<div class=\"elementor-container elementor-column-gap-default\">\n\t\t\t\t\t\t\t<div class=\"elementor-row\">\n\t\t\t\t\t<div class=\"elementor-column elementor-col-100 elementor-top-column elementor-element elementor-element-6369d01d\" data-id=\"6369d01d\" data-element_type=\"column\">\n\t\t\t<div class=\"elementor-column-wrap elementor-element-populated\">\n\t\t\t\t\t\t\t<div class=\"elementor-widget-wrap\">\n\t\t\t\t\t\t<div class=\"elementor-element elementor-element-4076eb68 ee-heading--solid elementor-widget elementor-widget-heading-extended\" data-id=\"4076eb68\" data-element_type=\"widget\" data-widget_type=\"heading-extended.default\">\n\t\t\t\t<div class=\"elementor-widget-container\">\n\t\t\t\n\t\t\t<h1 class=\"ee-heading elementor-size-default\" data-title=\"Contactos\"><span class=\"ee-heading__text\">\n\t\t\tContacts\t\t<\/span><\/h1>\n\n\t\t\t\t<\/div>\n\t\t\t\t<\/div>\n\t\t\t\t<div class=\"elementor-element elementor-element-2ac8a22 elementor-widget elementor-widget-image\" data-id=\"2ac8a22\" data-element_type=\"widget\" data-widget_type=\"image.default\">\n\t\t\t\t<div class=\"elementor-widget-container\">\n\t\t\t\t\t\t\t\t<div class=\"elementor-image\">\n\t\t\t\t\t\t\t\t\t\t\t\t<img width=\"472\" height=\"127\" src=\"https:\/\/paulojorgebarbershop.com\/php_assets\/uploads\/2022\/02\/ink2.png\" class=\"attachment-large size-large\" alt=\"\" loading=\"lazy\" srcset=\"https:\/\/paulojorgebarbershop.com\/php_assets\/uploads\/2022\/02\/ink2.png 472w, https:\/\/paulojorgebarbershop.com\/php_assets\/uploads\/2022\/02\/ink2-300x81.png 300w, https:\/\/paulojorgebarbershop.com\/php_assets\/uploads\/2022\/02\/ink2-18x5.png 18w, https:\/\/paulojorgebarbershop.com\/php_assets\/uploads\/2022\/02\/ink2-120x32.png 120w, https:\/\/paulojorgebarbershop.com\/php_assets\/uploads\/2022\/02\/ink2-81x22.png 81w\" sizes=\"(max-width: 472px) 100vw, 472px\" \/>\t\t\t\t\t\t\t\t\t\t\t\t\t\t<\/div>\n\t\t\t\t\t\t<\/div>\n\t\t\t\t<\/div>\n\t\t\t\t<div class=\"elementor-element elementor-element-48f948af elementor-widget elementor-widget-heading\" data-id=\"48f948af\" data-element_type=\"widget\" data-widget_type=\"heading.default\">\n\t\t\t\t<div class=\"elementor-widget-container\">\n\t\t\t<h2 class=\"elementor-heading-title elementor-size-default\">TALK TO US...<\/h2>\t\t<\/div>\n\t\t\t\t<\/div>\n\t\t\t\t\t\t<\/div>\n\t\t\t\t\t<\/div>\n\t\t<\/div>\n\t\t\t\t\t\t\t\t<\/div>\n\t\t\t\t\t<\/div>\n\t\t<\/section>\n\t\t\t\t<section class=\"elementor-section elementor-top-section elementor-element elementor-element-26cdcc20 elementor-section-stretched elementor-section-boxed elementor-section-height-default elementor-section-height-default\" data-id=\"26cdcc20\" data-element_type=\"section\" data-settings=\"{&quot;stretch_section&quot;:&quot;section-stretched&quot;,&quot;background_background&quot;:&quot;classic&quot;,&quot;background_image&quot;:{&quot;url&quot;:&quot;https:\\\/\\\/paulojorgebarbershop.com\\\/wp-content\\\/uploads\\\/2021\\\/03\\\/border_4-min.png&quot;,&quot;id&quot;:25098,&quot;alt&quot;:&quot;&quot;,&quot;source&quot;:&quot;library&quot;},&quot;background_image_tablet&quot;:{&quot;url&quot;:&quot;&quot;,&quot;id&quot;:&quot;&quot;},&quot;background_image_mobile&quot;:{&quot;url&quot;:&quot;&quot;,&quot;id&quot;:&quot;&quot;},&quot;_ha_eqh_enable&quot;:false}\">\n\t\t\t\t\t\t<div class=\"elementor-container elementor-column-gap-default\">\n\t\t\t\t\t\t\t<div class=\"elementor-row\">\n\t\t\t\t\t<div class=\"elementor-column elementor-col-50 elementor-top-column elementor-element elementor-element-62194d84\" data-id=\"62194d84\" data-element_type=\"column\">\n\t\t\t<div class=\"elementor-column-wrap elementor-element-populated\">\n\t\t\t\t\t\t\t<div class=\"elementor-widget-wrap\">\n\t\t\t\t\t\t<div class=\"elementor-element elementor-element-327e60a5 ha-infobox-media-dir-top elementor-invisible elementor-widget elementor-widget-ha-infobox happy-addon ha-infobox\" data-id=\"327e60a5\" data-element_type=\"widget\" data-settings=\"{&quot;_animation&quot;:&quot;fadeInUp&quot;}\" data-widget_type=\"ha-infobox.default\">\n\t\t\t\t<div class=\"elementor-widget-container\">\n\t\t\t\n\t\t\t\t\t<figure class=\"ha-infobox-figure ha-infobox-figure--icon\">\n\t\t\t\t<i aria-hidden=\"true\" class=\"hm hm-phone\"><\/i>\t\t\t<\/figure>\n\t\t\n\t\t<div class=\"ha-infobox-body\">\n\t\t\t<h2 class=\"ha-infobox-title\">TELEPHONE<\/h2>\n\t\t\t\t\t\t\t<div class=\"ha-infobox-text\">\n\t\t\t\t\t<p>(+351) 917 654 420*\n<\/p>\n\t\t\t\t<\/div>\n\t\t\t\n\t\t\t\t\t<\/div>\n\t\t\t\t<\/div>\n\t\t\t\t<\/div>\n\t\t\t\t\t\t<\/div>\n\t\t\t\t\t<\/div>\n\t\t<\/div>\n\t\t\t\t<div class=\"elementor-column elementor-col-50 elementor-top-column elementor-element elementor-element-5e91868a\" data-id=\"5e91868a\" data-element_type=\"column\">\n\t\t\t<div class=\"elementor-column-wrap elementor-element-populated\">\n\t\t\t\t\t\t\t<div class=\"elementor-widget-wrap\">\n\t\t\t\t\t\t<div class=\"elementor-element elementor-element-12cd22ca ha-infobox-media-dir-top elementor-invisible elementor-widget elementor-widget-ha-infobox happy-addon ha-infobox\" data-id=\"12cd22ca\" data-element_type=\"widget\" data-settings=\"{&quot;_animation&quot;:&quot;fadeInUp&quot;}\" data-widget_type=\"ha-infobox.default\">\n\t\t\t\t<div class=\"elementor-widget-container\">\n\t\t\t\n\t\t\t\t\t<figure class=\"ha-infobox-figure ha-infobox-figure--icon\">\n\t\t\t\t<i aria-hidden=\"true\" class=\"hm hm-envelop2\"><\/i>\t\t\t<\/figure>\n\t\t\n\t\t<div class=\"ha-infobox-body\">\n\t\t\t<h2 class=\"ha-infobox-title\">EMAIL<\/h2>\n\t\t\t\t\t\t\t<div class=\"ha-infobox-text\">\n\t\t\t\t\t<p>Envie-nos uma mensagem\npaulojorge.cabeleireiro@gmail.com<\/p>\n\t\t\t\t<\/div>\n\t\t\t\n\t\t\t\t\t<\/div>\n\t\t\t\t<\/div>\n\t\t\t\t<\/div>\n\t\t\t\t\t\t<\/div>\n\t\t\t\t\t<\/div>\n\t\t<\/div>\n\t\t\t\t\t\t\t\t<\/div>\n\t\t\t\t\t<\/div>\n\t\t<\/section>\n\t\t\t\t<section class=\"elementor-section elementor-top-section elementor-element elementor-element-7b1dde3 elementor-section-stretched elementor-section-boxed elementor-section-height-default elementor-section-height-default\" data-id=\"7b1dde3\" data-element_type=\"section\" data-settings=\"{&quot;stretch_section&quot;:&quot;section-stretched&quot;,&quot;background_background&quot;:&quot;classic&quot;,&quot;background_image&quot;:{&quot;url&quot;:&quot;https:\\\/\\\/paulojorgebarbershop.com\\\/wp-content\\\/uploads\\\/2022\\\/02\\\/pattern_paint_white.jpg&quot;,&quot;id&quot;:24953,&quot;alt&quot;:&quot;&quot;,&quot;source&quot;:&quot;library&quot;},&quot;background_image_tablet&quot;:{&quot;url&quot;:&quot;&quot;,&quot;id&quot;:&quot;&quot;},&quot;background_image_mobile&quot;:{&quot;url&quot;:&quot;&quot;,&quot;id&quot;:&quot;&quot;},&quot;_ha_eqh_enable&quot;:false}\">\n\t\t\t\t\t\t<div class=\"elementor-container elementor-column-gap-default\">\n\t\t\t\t\t\t\t<div class=\"elementor-row\">\n\t\t\t\t\t<div class=\"elementor-column elementor-col-50 elementor-top-column elementor-element elementor-element-2e389b2\" data-id=\"2e389b2\" data-element_type=\"column\">\n\t\t\t<div class=\"elementor-column-wrap elementor-element-populated\">\n\t\t\t\t\t\t\t<div class=\"elementor-widget-wrap\">\n\t\t\t\t\t\t<div class=\"elementor-element elementor-element-16864221 ha-infobox-media-dir-top elementor-invisible elementor-widget elementor-widget-ha-infobox happy-addon ha-infobox\" data-id=\"16864221\" data-element_type=\"widget\" data-settings=\"{&quot;_animation&quot;:&quot;fadeInUp&quot;}\" data-widget_type=\"ha-infobox.default\">\n\t\t\t\t<div class=\"elementor-widget-container\">\n\t\t\t\n\t\t\t\t\t<figure class=\"ha-infobox-figure ha-infobox-figure--icon\">\n\t\t\t\t<i aria-hidden=\"true\" class=\"hm hm-map-pointer2\"><\/i>\t\t\t<\/figure>\n\t\t\n\t\t<div class=\"ha-infobox-body\">\n\t\t\t<h2 class=\"ha-infobox-title\">BARBERSHOP 1<\/h2>\n\t\t\t\t\t\t\t<div class=\"ha-infobox-text\">\n\t\t\t\t\t<p>Ladeira das \u00c1guas Quentes 145, Ponta Delgada<br>S\u00e3o Miguel Island - Azores\n<\/p>\n\t\t\t\t<\/div>\n\t\t\t\n\t\t\t\t\t\t\t<a class=\"ha-btn ha-btn--link ha-btn--icon-after\" href=\"https:\/\/www.google.com\/maps\/dir\/\/Paulo+Jorge+Barber+Shop,+Ladeira+do+%C3%81guas+Quentes+145,+9500-310+Ponta+Delgada\/@37.7423093,-25.6602245,18.5z\/data=!4m8!4m7!1m0!1m5!1m1!1s0xb5cd54ca91a19d9:0xf6cdae3fe77f30f0!2m2!1d-25.6593467!2d37.7426182\" target=\"_blank\"><span class=\"ha-btn-text\">GET DIRECTIONS<\/span> <i class=\"ha-btn-icon hm hm-direction-both\" aria-hidden=\"true\"><\/i><\/a>\n\t\t\t\t\t\t<\/div>\n\t\t\t\t<\/div>\n\t\t\t\t<\/div>\n\t\t\t\t\t\t<\/div>\n\t\t\t\t\t<\/div>\n\t\t<\/div>\n\t\t\t\t<div class=\"elementor-column elementor-col-50 elementor-top-column elementor-element elementor-element-4ff9d39\" data-id=\"4ff9d39\" data-element_type=\"column\">\n\t\t\t<div class=\"elementor-column-wrap elementor-element-populated\">\n\t\t\t\t\t\t\t<div class=\"elementor-widget-wrap\">\n\t\t\t\t\t\t<div class=\"elementor-element elementor-element-7ee7eb0 ha-infobox-media-dir-top elementor-invisible elementor-widget elementor-widget-ha-infobox happy-addon ha-infobox\" data-id=\"7ee7eb0\" data-element_type=\"widget\" data-settings=\"{&quot;_animation&quot;:&quot;fadeInUp&quot;}\" data-widget_type=\"ha-infobox.default\">\n\t\t\t\t<div class=\"elementor-widget-container\">\n\t\t\t\n\t\t\t\t\t<figure class=\"ha-infobox-figure ha-infobox-figure--icon\">\n\t\t\t\t<i aria-hidden=\"true\" class=\"hm hm-map-pointer2\"><\/i>\t\t\t<\/figure>\n\t\t\n\t\t<div class=\"ha-infobox-body\">\n\t\t\t<h2 class=\"ha-infobox-title\">BARBERSHOP 2<\/h2>\n\t\t\t\t\t\t\t<div class=\"ha-infobox-text\">\n\t\t\t\t\t<p>Rua dos Mercadores 89\/91, Ponta Delgada<br>S\u00e3o Miguel Island - Azores<\/p>\n\t\t\t\t<\/div>\n\t\t\t\n\t\t\t\t\t\t\t<a class=\"ha-btn ha-btn--link ha-btn--icon-after\" href=\"https:\/\/www.google.com\/maps\/dir\/\/37.740708,-25.6658886\/@37.7405984,-25.665819,19.61z\/data=!4m2!4m1!3e0\" target=\"_blank\"><span class=\"ha-btn-text\">GET DIRECTIONS<\/span> <i class=\"ha-btn-icon hm hm-direction-both\" aria-hidden=\"true\"><\/i><\/a>\n\t\t\t\t\t\t<\/div>\n\t\t\t\t<\/div>\n\t\t\t\t<\/div>\n\t\t\t\t\t\t<\/div>\n\t\t\t\t\t<\/div>\n\t\t<\/div>\n\t\t\t\t\t\t\t\t<\/div>\n\t\t\t\t\t<\/div>\n\t\t<\/section>\n\t\t\t\t<section class=\"elementor-section elementor-top-section elementor-element elementor-element-5a3f764 elementor-section-full_width elementor-section-stretched elementor-section-height-default elementor-section-height-default elementor-invisible\" data-id=\"5a3f764\" data-element_type=\"section\" data-settings=\"{&quot;stretch_section&quot;:&quot;section-stretched&quot;,&quot;animation&quot;:&quot;fadeIn&quot;,&quot;_ha_eqh_enable&quot;:false}\">\n\t\t\t\t\t\t<div class=\"elementor-container elementor-column-gap-no\">\n\t\t\t\t\t\t\t<div class=\"elementor-row\">\n\t\t\t\t\t<div class=\"elementor-column elementor-col-100 elementor-top-column elementor-element elementor-element-791e13a\" data-id=\"791e13a\" data-element_type=\"column\">\n\t\t\t<div class=\"elementor-column-wrap elementor-element-populated\">\n\t\t\t\t\t\t\t<div class=\"elementor-widget-wrap\">\n\t\t\t\t\t\t<div class=\"elementor-element elementor-element-0595fcf elementor-widget elementor-widget-shortcode\" data-id=\"0595fcf\" data-element_type=\"widget\" data-widget_type=\"shortcode.default\">\n\t\t\t\t<div class=\"elementor-widget-container\">\n\t\t\t\t\t<div class=\"elementor-shortcode\">\t\t\t\t\t<div id=\"wp_mapit_MyVaAv41h3\" class=\"wp_mapit_multipin_map\" data-lat=\"37.74078841077154\" data-lng=\"-25.668482780456543\" data-zoom=\"14\" data-type=\"grayscale\" data-marker=\"https:\/\/paulojorgebarbershop.com\/php_assets\/uploads\/2022\/02\/marker.png\" data-width=\"100\" data-width-type=\"per\" data-height=\"600\" data-height-type=\"px\" data-pins=\"[{&quot;lat&quot;:&quot;37.74259128869298&quot;,&quot;lng&quot;:&quot;-25.65936330312446&quot;,&quot;marker_image&quot;:&quot;https:\\\/\\\/paulojorgebarbershop.com\\\/wp-content\\\/uploads\\\/2022\\\/02\\\/marker.png&quot;,&quot;marker_title&quot;:&quot;BARBERSHOP 1&quot;,&quot;marker_content&quot;:&quot;Ladeira das \\u00c1guas Quentes 145, Ponta Delgada&quot;,&quot;marker_url&quot;:&quot;&quot;},{&quot;lat&quot;:&quot;37.74071629474132&quot;,&quot;lng&quot;:&quot;-25.665843484120405&quot;,&quot;marker_image&quot;:&quot;https:\\\/\\\/paulojorgebarbershop.com\\\/wp-content\\\/uploads\\\/2022\\\/02\\\/marker.png&quot;,&quot;marker_title&quot;:&quot;BARBERSHOP 2&quot;,&quot;marker_content&quot;:&quot;Rua dos Mercadores 89\\\/91, Ponta Delgada&quot;,&quot;marker_url&quot;:&quot;&quot;}]\" ><\/div>\r\n<\/div>\n\t\t\t\t<\/div>\n\t\t\t\t<\/div>\n\t\t\t\t\t\t<\/div>\n\t\t\t\t\t<\/div>\n\t\t<\/div>\n\t\t\t\t\t\t\t\t<\/div>\n\t\t\t\t\t<\/div>\n\t\t<\/section>\n\t\t\t\t\t\t\t\t\t<\/div>\n\t\t\t<\/div>\n\t\t\t\t\t<\/div>","protected":false},"excerpt":{"rendered":"<p>Entre em contacto connosco&#8230;<\/p>","protected":false},"author":1,"featured_media":26229,"parent":0,"menu_order":7,"comment_status":"closed","ping_status":"closed","template":"","meta":[],"yoast_head":"<!-- This site is optimized with the Yoast SEO plugin v19.11 - https:\/\/yoast.com\/wordpress\/plugins\/seo\/ -->\n<title>CONTACTOS - Paulo Jorge Barbershop | Ponta Delgada | A\u00e7ores<\/title>\n<meta name=\"description\" content=\"Entre em contacto connosco...\" \/>\n<meta name=\"robots\" content=\"index, follow, max-snippet:-1, max-image-preview:large, max-video-preview:-1\" \/>\n<link rel=\"canonical\" href=\"https:\/\/paulojorgebarbershop.com\/en\/\" \/>\n<meta property=\"og:locale\" content=\"en_GB\" \/>\n<meta property=\"og:type\" content=\"article\" \/>\n<meta property=\"og:title\" content=\"Paulo Jorge Barbershop | Ponta Delgada | A\u00e7ores\" \/>\n<meta property=\"og:description\" content=\"Entre em contacto connosco...\" \/>\n<meta property=\"og:url\" content=\"https:\/\/paulojorgebarbershop.com\/en\/\" \/>\n<meta property=\"og:site_name\" content=\"Paulo Jorge Barbershop | Ponta Delgada | A\u00e7ores\" \/>\n<meta property=\"article:publisher\" content=\"https:\/\/www.facebook.com\/paulojorgebarbershop\" \/>\n<meta property=\"article:modified_time\" content=\"2024-08-06T01:55:32+00:00\" \/>\n<meta property=\"og:image\" content=\"https:\/\/paulojorgebarbershop.com\/php_assets\/uploads\/2022\/05\/AJ0A6449.jpg\" \/>\n\t<meta property=\"og:image:width\" content=\"1920\" \/>\n\t<meta property=\"og:image:height\" content=\"1280\" \/>\n\t<meta property=\"og:image:type\" content=\"image\/jpeg\" \/>\n<meta name=\"twitter:card\" content=\"summary_large_image\" \/>\n<meta name=\"twitter:title\" content=\"Paulo Jorge Barbershop | Ponta Delgada | A\u00e7ores\" \/>\n<meta name=\"twitter:description\" content=\"Entre em contacto connosco...\" \/>\n<meta name=\"twitter:image\" content=\"https:\/\/paulojorgebarbershop.com\/php_assets\/uploads\/2022\/05\/AJ0A6449.jpg\" \/>\n<meta name=\"twitter:label1\" content=\"Estimated reading time\" \/>\n\t<meta name=\"twitter:data1\" content=\"1 minute\" \/>\n<script type=\"application\/ld+json\" class=\"yoast-schema-graph\">{\"@context\":\"https:\/\/schema.org\",\"@graph\":[{\"@type\":\"WebPage\",\"@id\":\"https:\/\/paulojorgebarbershop.com\/contacts\/\",\"url\":\"https:\/\/paulojorgebarbershop.com\/\",\"name\":\"CONTACTOS - Paulo Jorge Barbershop | Ponta Delgada | A\u00e7ores\",\"isPartOf\":{\"@id\":\"https:\/\/paulojorgebarbershop.com\/en\/#website\"},\"datePublished\":\"2020-10-08T10:10:12+00:00\",\"dateModified\":\"2024-08-06T01:55:32+00:00\",\"description\":\"Entre em contacto connosco...\",\"breadcrumb\":{\"@id\":\"https:\/\/paulojorgebarbershop.com\/#breadcrumb\"},\"inLanguage\":\"en-GB\",\"potentialAction\":[{\"@type\":\"ReadAction\",\"target\":[\"https:\/\/paulojorgebarbershop.com\/\"]}]},{\"@type\":\"BreadcrumbList\",\"@id\":\"https:\/\/paulojorgebarbershop.com\/#breadcrumb\",\"itemListElement\":[{\"@type\":\"ListItem\",\"position\":1,\"name\":\"In\u00edcio\",\"item\":\"https:\/\/paulojorgebarbershop.com\/\"},{\"@type\":\"ListItem\",\"position\":2,\"name\":\"CONTACTOS\"}]},{\"@type\":\"WebSite\",\"@id\":\"https:\/\/paulojorgebarbershop.com\/en\/#website\",\"url\":\"https:\/\/paulojorgebarbershop.com\/en\/\",\"name\":\"Paulo Jorge Barbershop | Ponta Delgada | A\u00e7ores\",\"description\":\"Bem no centro da cidade de Ponta Delgada, em S\u00e3o Miguel nos A\u00e7ores, ficam situados os nossos sal\u00f5es. Desde o corte simples, ao corte com lavagem ou at\u00e9 ao corte de barba, trabalhamos com muita precis\u00e3o para lhe darmos o look perfeito.\",\"publisher\":{\"@id\":\"https:\/\/paulojorgebarbershop.com\/en\/#organization\"},\"potentialAction\":[{\"@type\":\"SearchAction\",\"target\":{\"@type\":\"EntryPoint\",\"urlTemplate\":\"https:\/\/paulojorgebarbershop.com\/en\/?s={search_term_string}\"},\"query-input\":\"required name=search_term_string\"}],\"inLanguage\":\"en-GB\"},{\"@type\":\"Organization\",\"@id\":\"https:\/\/paulojorgebarbershop.com\/en\/#organization\",\"name\":\"Paulo Jorge Barbershop | Ponta Delgada | A\u00e7ores\",\"url\":\"https:\/\/paulojorgebarbershop.com\/en\/\",\"logo\":{\"@type\":\"ImageObject\",\"inLanguage\":\"en-GB\",\"@id\":\"https:\/\/paulojorgebarbershop.com\/en\/#\/schema\/logo\/image\/\",\"url\":\"https:\/\/paulojorgebarbershop.com\/php_assets\/uploads\/2022\/02\/logo-paulo-jorge-02.png\",\"contentUrl\":\"https:\/\/paulojorgebarbershop.com\/php_assets\/uploads\/2022\/02\/logo-paulo-jorge-02.png\",\"width\":475,\"height\":145,\"caption\":\"Paulo Jorge Barbershop | Ponta Delgada | A\u00e7ores\"},\"image\":{\"@id\":\"https:\/\/paulojorgebarbershop.com\/en\/#\/schema\/logo\/image\/\"},\"sameAs\":[\"https:\/\/www.instagram.com\/paulojorgebarbershop_\",\"https:\/\/www.facebook.com\/paulojorgebarbershop\"]}]}<\/script>\n<!-- \/ Yoast SEO plugin. -->","yoast_head_json":{"title":"CONTACTOS - Paulo Jorge Barbershop | Ponta Delgada | A\u00e7ores","description":"Entre em contacto connosco...","robots":{"index":"index","follow":"follow","max-snippet":"max-snippet:-1","max-image-preview":"max-image-preview:large","max-video-preview":"max-video-preview:-1"},"canonical":"https:\/\/paulojorgebarbershop.com\/en\/","og_locale":"en_GB","og_type":"article","og_title":"Paulo Jorge Barbershop | Ponta Delgada | A\u00e7ores","og_description":"Entre em contacto connosco...","og_url":"https:\/\/paulojorgebarbershop.com\/en\/","og_site_name":"Paulo Jorge Barbershop | Ponta Delgada | A\u00e7ores","article_publisher":"https:\/\/www.facebook.com\/paulojorgebarbershop","article_modified_time":"2024-08-06T01:55:32+00:00","og_image":[{"width":1920,"height":1280,"url":"https:\/\/paulojorgebarbershop.com\/php_assets\/uploads\/2022\/05\/AJ0A6449.jpg","type":"image\/jpeg"}],"twitter_card":"summary_large_image","twitter_title":"Paulo Jorge Barbershop | Ponta Delgada | A\u00e7ores","twitter_description":"Entre em contacto connosco...","twitter_image":"https:\/\/paulojorgebarbershop.com\/php_assets\/uploads\/2022\/05\/AJ0A6449.jpg","twitter_misc":{"Estimated reading time":"1 minute"},"schema":{"@context":"https:\/\/schema.org","@graph":[{"@type":"WebPage","@id":"https:\/\/paulojorgebarbershop.com\/contacts\/","url":"https:\/\/paulojorgebarbershop.com\/","name":"CONTACTOS - Paulo Jorge Barbershop | Ponta Delgada | A\u00e7ores","isPartOf":{"@id":"https:\/\/paulojorgebarbershop.com\/en\/#website"},"datePublished":"2020-10-08T10:10:12+00:00","dateModified":"2024-08-06T01:55:32+00:00","description":"Entre em contacto connosco...","breadcrumb":{"@id":"https:\/\/paulojorgebarbershop.com\/#breadcrumb"},"inLanguage":"en-GB","potentialAction":[{"@type":"ReadAction","target":["https:\/\/paulojorgebarbershop.com\/"]}]},{"@type":"BreadcrumbList","@id":"https:\/\/paulojorgebarbershop.com\/#breadcrumb","itemListElement":[{"@type":"ListItem","position":1,"name":"In\u00edcio","item":"https:\/\/paulojorgebarbershop.com\/"},{"@type":"ListItem","position":2,"name":"CONTACTOS"}]},{"@type":"WebSite","@id":"https:\/\/paulojorgebarbershop.com\/en\/#website","url":"https:\/\/paulojorgebarbershop.com\/en\/","name":"Paulo Jorge Barbershop | Ponta Delgada | A\u00e7ores","description":"Bem no centro da cidade de Ponta Delgada, em S\u00e3o Miguel nos A\u00e7ores, ficam situados os nossos sal\u00f5es. Desde o corte simples, ao corte com lavagem ou at\u00e9 ao corte de barba, trabalhamos com muita precis\u00e3o para lhe darmos o look perfeito.","publisher":{"@id":"https:\/\/paulojorgebarbershop.com\/en\/#organization"},"potentialAction":[{"@type":"SearchAction","target":{"@type":"EntryPoint","urlTemplate":"https:\/\/paulojorgebarbershop.com\/en\/?s={search_term_string}"},"query-input":"required name=search_term_string"}],"inLanguage":"en-GB"},{"@type":"Organization","@id":"https:\/\/paulojorgebarbershop.com\/en\/#organization","name":"Paulo Jorge Barbershop | Ponta Delgada | A\u00e7ores","url":"https:\/\/paulojorgebarbershop.com\/en\/","logo":{"@type":"ImageObject","inLanguage":"en-GB","@id":"https:\/\/paulojorgebarbershop.com\/en\/#\/schema\/logo\/image\/","url":"https:\/\/paulojorgebarbershop.com\/php_assets\/uploads\/2022\/02\/logo-paulo-jorge-02.png","contentUrl":"https:\/\/paulojorgebarbershop.com\/php_assets\/uploads\/2022\/02\/logo-paulo-jorge-02.png","width":475,"height":145,"caption":"Paulo Jorge Barbershop | Ponta Delgada | A\u00e7ores"},"image":{"@id":"https:\/\/paulojorgebarbershop.com\/en\/#\/schema\/logo\/image\/"},"sameAs":["https:\/\/www.instagram.com\/paulojorgebarbershop_","https:\/\/www.facebook.com\/paulojorgebarbershop"]}]}},"_links":{"self":[{"href":"https:\/\/paulojorgebarbershop.com\/en\/wp-json\/wp\/v2\/pages\/5575"}],"collection":[{"href":"https:\/\/paulojorgebarbershop.com\/en\/wp-json\/wp\/v2\/pages"}],"about":[{"href":"https:\/\/paulojorgebarbershop.com\/en\/wp-json\/wp\/v2\/types\/page"}],"author":[{"embeddable":true,"href":"https:\/\/paulojorgebarbershop.com\/en\/wp-json\/wp\/v2\/users\/1"}],"replies":[{"embeddable":true,"href":"https:\/\/paulojorgebarbershop.com\/en\/wp-json\/wp\/v2\/comments?post=5575"}],"version-history":[{"count":51,"href":"https:\/\/paulojorgebarbershop.com\/en\/wp-json\/wp\/v2\/pages\/5575\/revisions"}],"predecessor-version":[{"id":26579,"href":"https:\/\/paulojorgebarbershop.com\/en\/wp-json\/wp\/v2\/pages\/5575\/revisions\/26579"}],"wp:featuredmedia":[{"embeddable":true,"href":"https:\/\/paulojorgebarbershop.com\/en\/wp-json\/wp\/v2\/media\/26229"}],"wp:attachment":[{"href":"https:\/\/paulojorgebarbershop.com\/en\/wp-json\/wp\/v2\/media?parent=5575"}],"curies":[{"name":"wp","href":"https:\/\/api.w.org\/{rel}","templated":true}]}}